{"id":52,"date":"2023-03-10T19:43:34","date_gmt":"2023-03-10T19:43:34","guid":{"rendered":"https:\/\/grupoiec.com.gt\/?page_id=52"},"modified":"2023-03-11T18:09:53","modified_gmt":"2023-03-11T18:09:53","slug":"inicio","status":"publish","type":"page","link":"https:\/\/grupoiec.com.gt\/","title":{"rendered":"Inicio"},"content":{"rendered":"\n<style id=\"bwg-style-0\">  #bwg_container1_0 {    display: table;\t\/*visibility: hidden;*\/  }  #bwg_container1_0 * {\t  -moz-user-select: none;\t  -khtml-user-select: none;\t  -webkit-user-select: none;\t  -ms-user-select: none;\t  user-select: none;  }  #bwg_container1_0 #bwg_container2_0 .bwg_slideshow_image_wrap_0 {\t  background-color: #FFFFFF;\t  width: 800px;\t  height: 500px;  }  #bwg_container1_0 #bwg_container2_0 .bwg_slideshow_image_0 {\t  max-width: 800px;\t  max-height: 500px;  }  #bwg_container1_0 #bwg_container2_0 .bwg_slideshow_embed_0 {    width: 800px;    height: 500px;  }  #bwg_container1_0 #bwg_container2_0 #bwg_slideshow_play_pause_0 {\t  background: transparent url(\"https:\/\/grupoiec.com.gt\/wp-content\/plugins\/photo-gallery\/images\/blank.gif\") repeat scroll 0 0;  }  #bwg_container1_0 #bwg_container2_0 #bwg_slideshow_play_pause-ico_0 {    color: #FFFFFF;    font-size: 60px;  }  #bwg_container1_0 #bwg_container2_0 #bwg_slideshow_play_pause-ico_0:hover {\t  color: #DBDBDB;  }  #bwg_container1_0 #bwg_container2_0 #spider_slideshow_left_0,  #bwg_container1_0 #bwg_container2_0 #spider_slideshow_right_0 {\t  background: transparent url(\"https:\/\/grupoiec.com.gt\/wp-content\/plugins\/photo-gallery\/images\/blank.gif\") repeat scroll 0 0;  }  #bwg_container1_0 #bwg_container2_0 #spider_slideshow_left-ico_0,  #bwg_container1_0 #bwg_container2_0 #spider_slideshow_right-ico_0 {\t  background-color: #000000;\t  border-radius: 20px;\t  border: 0px none #FFFFFF;\t  box-shadow: ;\t  color: #FFFFFF;\t  height: 40px;\t  font-size: 20px;\t  width: 40px;\t  opacity: 1.00;  }  #bwg_container1_0 #bwg_container2_0 #spider_slideshow_left-ico_0:hover,  #bwg_container1_0 #bwg_container2_0 #spider_slideshow_right-ico_0:hover {\t  color: #DBDBDB;  }      #spider_slideshow_left-ico_0{      left: -9999px;    }    #spider_slideshow_right-ico_0{      left: -9999px;    }      #bwg_container1_0 #bwg_container2_0 .bwg_slideshow_image_container_0 {\t  bottom: 0px;\t  width: 800px;\t  height: 500px;\t}\t#bwg_container1_0 #bwg_container2_0 .bwg_slideshow_filmstrip_container_0 {\t  display: table;\t  height: 0px;\t  width: 800px;\t  bottom: 0;  }  \/* Filmstrip dimension *\/  #bwg_container1_0 #bwg_container2_0 .bwg_slideshow_filmstrip_0 {\t  left: 20px;\t  width: 760px;\t  \/*z-index: 10106;*\/  }  #bwg_container1_0 #bwg_container2_0 .bwg_slideshow_filmstrip_thumbnails_0 {    left: 0px;    width: 4px;    height: 0px;  }  #bwg_container1_0 #bwg_container2_0 .bwg_slideshow_filmstrip_thumbnail_0 {    width: 0px;    height: 0px;    margin: 0 1px;    border: 1px none #000000;    border-radius: 0;  }  #bwg_container1_0 #bwg_container2_0 .bwg_slideshow_thumb_active_0 {\t  border: 0px solid #FFFFFF;  }  #bwg_container1_0 #bwg_container2_0 .bwg_slideshow_thumb_deactive_0 {    opacity: 0.80;  }  #bwg_container1_0 #bwg_container2_0 .bwg_slideshow_filmstrip_left_0,  #bwg_container1_0 #bwg_container2_0 .bwg_slideshow_filmstrip_left_disabled_0 {\t  background-color: #303030;\t  display: table-cell;\t  width: 20px;\t  left: 0;\t  \t    }  #bwg_container1_0 #bwg_container2_0 .bwg_slideshow_filmstrip_right_0,  #bwg_container1_0 #bwg_container2_0 .bwg_slideshow_filmstrip_right_disabled_0 {\t  background-color: #303030;    display: table-cell;    right: 0;\t  width: 20px;\t  \t    }  #bwg_container1_0 #bwg_container2_0 .bwg_slideshow_filmstrip_left_0 i,  #bwg_container1_0 #bwg_container2_0 .bwg_slideshow_filmstrip_right_0 i,  #bwg_container1_0 #bwg_container2_0 .bwg_slideshow_filmstrip_left_disabled_0 i,  #bwg_container1_0 #bwg_container2_0 .bwg_slideshow_filmstrip_right_disabled_0 i {\t  color: #FFFFFF;\t  font-size: 20px;  }  #bwg_container1_0 #bwg_container2_0 .bwg_slideshow_filmstrip_left_0 {    display: none;  }  #bwg_container1_0 #bwg_container2_0 .bwg_slideshow_filmstrip_left_disabled_0,  #bwg_container1_0 #bwg_container2_0 .bwg_slideshow_filmstrip_right_disabled_0 {    display: none;    opacity: 0.3;  }  #bwg_container1_0 #bwg_container2_0 .bwg_slideshow_filmstrip_left_disabled_0 {    display: table-cell;  }  #bwg_container1_0 #bwg_container2_0 .bwg_slideshow_watermark_spun_0 {\t  text-align: right;\t  vertical-align: bottom;  }  #bwg_container1_0 #bwg_container2_0 .bwg_slideshow_title_spun_0 {\t  text-align: right;\t  vertical-align: top;  }  #bwg_container1_0 #bwg_container2_0 .bwg_slideshow_description_spun_0 {\t  text-align: right;\t  vertical-align: bottom;  }  #bwg_container1_0 #bwg_container2_0 .bwg_slideshow_watermark_image_0 {\t  max-height: 90px;\t  max-width: 90px;\t  opacity: 0.30;  }  #bwg_container1_0 #bwg_container2_0 .bwg_slideshow_watermark_text_0,  #bwg_container1_0 #bwg_container2_0 .bwg_slideshow_watermark_text_0:hover {\t  text-decoration: none;\t  margin: 4px;\t  position: relative;\t  z-index: 15;  }  #bwg_container1_0 #bwg_container2_0 .bwg_slideshow_title_text_0 {\t  font-size: 16px;\t  font-family: Ubuntu;\t  color: #FFFFFF !important;\t  opacity: 0.70;    border-radius: 5px;\t  background-color: #000000;\t  padding: 5px 10px 5px 10px;\t  \t\tmargin: 5px;\t  \t    }  #bwg_container1_0 #bwg_container2_0 .bwg_slideshow_description_text_0 {\t  font-size: 14px;\t  font-family: Ubuntu;\t  color: #FFFFFF !important;\t  opacity: 0.70;    border-radius: 0;\t  background-color: #000000;\t  padding: 5px 10px 5px 10px;\t  bottom:14px;  }  #bwg_container1_0 #bwg_container2_0 .bwg_slideshow_description_text_0 * {\ttext-decoration: none;\tcolor: #FFFFFF !important;  }  #bwg_container1_0 #bwg_container2_0 .bwg_slideshow_dots_0 {\t  width: 10px;\t  height: 10px;\t  border-radius: 10px;\t  background: #292929;\t  margin: 1px;  }  #bwg_container1_0 #bwg_container2_0 .bwg_slideshow_dots_container_0 {\t  width: 800px;\t  bottom: 0;  }  #bwg_container1_0 #bwg_container2_0 .bwg_slideshow_dots_thumbnails_0 {\t  height: 12px;\t  width: 24px;  }  #bwg_container1_0 #bwg_container2_0 .bwg_slideshow_dots_active_0 {\t  background: #292929;\t  border: 2px solid #FFC933;  }  <\/style>    <div id=\"bwg_container1_0\"         class=\"bwg_container bwg_thumbnail bwg_slideshow \"         data-right-click-protection=\"0\"         data-bwg=\"0\"         data-scroll=\"0\"         data-gallery-type=\"slideshow\"         data-gallery-view-type=\"slideshow\"         data-current-url=\"\/index.php\/wp-json\/wp\/v2\/pages\/52\"         data-lightbox-url=\"https:\/\/grupoiec.com.gt\/wp-admin\/admin-ajax.php?action=GalleryBox&#038;current_view=0&#038;gallery_id=1&#038;tag=0&#038;theme_id=2&#038;shortcode_id=2&#038;sort_by=casual&#038;order_by=asc&#038;current_url=%2Findex.php%2Fwp-json%2Fwp%2Fv2%2Fpages%2F52\"         data-gallery-id=\"1\"         data-popup-width=\"800\"         data-popup-height=\"500\"         data-is-album=\"gallery\"         data-buttons-position=\"bottom\">      <div id=\"bwg_container2_0\">             <div id=\"ajax_loading_0\" class=\"bwg_loading_div_1\">      <div class=\"bwg_loading_div_2\">        <div class=\"bwg_loading_div_3\">          <div id=\"loading_div_0\" class=\"bwg_spider_ajax_loading\">          <\/div>        <\/div>      <\/div>    <\/div>            <form id=\"gal_front_form_0\"              class=\"bwg-hidden\"              method=\"post\"              action=\"#\"              data-current=\"0\"              data-shortcode-id=\"2\"              data-gallery-type=\"slideshow\"              data-gallery-id=\"1\"              data-tag=\"0\"              data-album-id=\"0\"              data-theme-id=\"2\"              data-ajax-url=\"https:\/\/grupoiec.com.gt\/wp-admin\/admin-ajax.php?action=bwg_frontend_data\">          <div id=\"bwg_container3_0\" class=\"bwg-background bwg-background-0\">              <div class=\"bwg_slideshow_image_wrap_0 bwg-slideshow-images-wrapper bwg-container\"       data-bwg=\"0\"       data-lightbox-url=\"https:\/\/grupoiec.com.gt\/wp-admin\/admin-ajax.php?action=GalleryBox&#038;current_view=0&#038;gallery_id=1&#038;tag=0&#038;theme_id=2&#038;shortcode_id=2&#038;sort_by=casual&#038;order_by=asc&#038;current_url=%2Findex.php%2Fwp-json%2Fwp%2Fv2%2Fpages%2F52\">          <div class=\"bwg_slideshow_dots_container_0\">        <div class=\"bwg_slideshow_dots_thumbnails_0\">                      <span id=\"bwg_dots_0_0\" class=\"bwg_slideshow_dots_0 bwg_slideshow_dots_active_0\" onclick=\"bwg_change_image(parseInt(jQuery('#bwg_current_image_key_0').val()), '0', '', '', 0)\" image_id=\"3\" image_key=\"0\"><\/span>                        <span id=\"bwg_dots_1_0\" class=\"bwg_slideshow_dots_0 bwg_slideshow_dots_deactive_0\" onclick=\"bwg_change_image(parseInt(jQuery('#bwg_current_image_key_0').val()), '1', '', '', 0)\" image_id=\"2\" image_key=\"1\"><\/span>                    <\/div>      <\/div>          <div id=\"bwg_slideshow_image_container_0\"         class=\"bwg_slideshow_image_container_0\"         data-params='{&quot;bwg_source&quot;:&quot;slider&quot;,&quot;bwg_current_key&quot;:&quot;&quot;,&quot;bwg_transition_duration&quot;:500,&quot;bwg_trans_in_progress&quot;:false,&quot;data&quot;:[{&quot;id&quot;:&quot;3&quot;,&quot;alt&quot;:&quot;IEC01&quot;,&quot;description&quot;:&quot;&quot;,&quot;filetype&quot;:&quot;jpg&quot;,&quot;filename&quot;:&quot;IEC01&quot;,&quot;image_url&quot;:&quot;\\\/imported_from_media_libray\\\/IEC01.jpg?bwg=1678489237&quot;,&quot;thumb_url&quot;:&quot;\\\/imported_from_media_libray\\\/thumb\\\/IEC01.jpg?bwg=1678489237&quot;,&quot;redirect_url&quot;:&quot;&quot;,&quot;date&quot;:&quot;2023-03-10 22:56:41&quot;,&quot;is_embed&quot;:false,&quot;is_embed_video&quot;:false,&quot;image_width&quot;:&quot;833&quot;,&quot;image_height&quot;:&quot;300&quot;,&quot;thumb_width&quot;:&quot;500.00&quot;,&quot;thumb_height&quot;:&quot;180.00&quot;},{&quot;id&quot;:&quot;2&quot;,&quot;alt&quot;:&quot;IEC03&quot;,&quot;description&quot;:&quot;&quot;,&quot;filetype&quot;:&quot;jpg&quot;,&quot;filename&quot;:&quot;IEC03&quot;,&quot;image_url&quot;:&quot;\\\/imported_from_media_libray\\\/IEC03.jpg?bwg=1678489237&quot;,&quot;thumb_url&quot;:&quot;\\\/imported_from_media_libray\\\/thumb\\\/IEC03.jpg?bwg=1678489237&quot;,&quot;redirect_url&quot;:&quot;&quot;,&quot;date&quot;:&quot;2023-03-10 22:56:41&quot;,&quot;is_embed&quot;:false,&quot;is_embed_video&quot;:false,&quot;image_width&quot;:&quot;833&quot;,&quot;image_height&quot;:&quot;300&quot;,&quot;thumb_width&quot;:&quot;500.00&quot;,&quot;thumb_height&quot;:&quot;180.00&quot;}],&quot;width_or_height&quot;:&quot;width&quot;,&quot;filmstrip_thumb_margin_hor&quot;:2,&quot;left_or_top&quot;:&quot;left&quot;,&quot;outerWidth_or_outerHeight&quot;:&quot;outerWidth&quot;,&quot;enable_slideshow_shuffle&quot;:&quot;1&quot;,&quot;lightbox_filmstrip_thumb_border_width&quot;:&quot;1&quot;,&quot;thumb_click_action&quot;:&quot;open_lightbox&quot;,&quot;thumb_link_target&quot;:&quot;1&quot;,&quot;upload_url&quot;:&quot;https:\\\/\\\/grupoiec.com.gt\\\/wp-content\\\/uploads\\\/photo-gallery&quot;,&quot;preload_images&quot;:&quot;1&quot;,&quot;slideshow_effect&quot;:&quot;random&quot;,&quot;event_stack&quot;:&quot;&quot;,&quot;preload_images_count&quot;:10,&quot;image_width&quot;:&quot;800&quot;,&quot;image_height&quot;:&quot;500&quot;,&quot;thumb_width&quot;:&quot;250&quot;,&quot;thumb_height&quot;:&quot;140&quot;,&quot;filmstrip_direction&quot;:&quot;horizontal&quot;,&quot;slideshow_filmstrip_type&quot;:&quot;0&quot;,&quot;slideshow_thumbnails_count&quot;:&quot;5&quot;,&quot;slideshow_filmstrip_width&quot;:0,&quot;slideshow_filmstrip_height&quot;:0,&quot;slideshow_filmstrip_rl_btn_size&quot;:&quot;20&quot;,&quot;slideshow_play_pause_btn_size&quot;:&quot;60&quot;,&quot;watermark_type&quot;:90,&quot;watermark_height&quot;:90,&quot;watermark_font_size&quot;:12,&quot;slideshow_title_font_size&quot;:&quot;16&quot;,&quot;slideshow_description_font_size&quot;:&quot;14&quot;,&quot;bwg_playInterval&quot;:&quot;&quot;,&quot;slideshow_interval&quot;:2,&quot;image_right_click&quot;:&quot;0&quot;,&quot;enable_slideshow_autoplay&quot;:&quot;1&quot;,&quot;enable_slideshow_music&quot;:&quot;0&quot;,&quot;bwg_current_filmstrip_pos&quot;:0}'         data-filmstrip-position=\"bottom\"         data-filmstrip-size=\"0\">      <div class=\"bwg_slide_container_0\">        <div class=\"bwg_slide_bg_0\">          <div class=\"bwg_slider_0\">                            <span class=\"bwg_slideshow_image_spun_0\" id=\"image_id_0_3\">                    <span class=\"bwg_slideshow_image_spun1_0\">                      <span class=\"bwg_slideshow_image_spun2_0\">                                                  <a  class=\"bwg-a bwg_lightbox\" href=\"https:\/\/grupoiec.com.gt\/wp-content\/uploads\/photo-gallery\/imported_from_media_libray\/IEC01.jpg?bwg=1678489237\" data-image-id=\"3\" data-elementor-open-lightbox=\"no\">                          <img id=\"bwg_slideshow_image_0\"                               class=\"skip-lazy bwg_slide bwg_slideshow_image_0 \"                               src=\"https:\/\/grupoiec.com.gt\/wp-content\/uploads\/photo-gallery\/imported_from_media_libray\/IEC01.jpg?bwg=1678489237\"                               data-src=\"https:\/\/grupoiec.com.gt\/wp-content\/uploads\/photo-gallery\/imported_from_media_libray\/IEC01.jpg?bwg=1678489237\"                               image_id=\"3\"                               alt=\"IEC01\" \/>                          <\/a>                                                <\/span>                    <\/span>                  <\/span>                <span class=\"bwg_slideshow_image_second_spun_0\">                  <\/span>                <input type=\"hidden\" id=\"bwg_current_image_key_0\" value=\"0\" \/>                          <\/div>        <\/div>      <\/div>          <\/div>      <\/div>            <\/div>        <\/form>        <style>          #bwg_container1_0 #bwg_container2_0 #spider_popup_overlay_0 {          background-color: #FFF134;          opacity: 0.70;          }          <\/style>        <div id=\"bwg_spider_popup_loading_0\" class=\"bwg_spider_popup_loading\"><\/div>        <div id=\"spider_popup_overlay_0\" class=\"spider_popup_overlay\" onclick=\"spider_destroypopup(1000)\"><\/div>        <input type=\"hidden\" id=\"bwg_random_seed_0\" value=\"60841624\">                <\/div>    <\/div>    <script>      if (document.readyState === 'complete') {        if( typeof bwg_main_ready == 'function' ) {          if ( jQuery(\"#bwg_container1_0\").height() ) {            bwg_main_ready(jQuery(\"#bwg_container1_0\"));          }        }      } else {        document.addEventListener('DOMContentLoaded', function() {          if( typeof bwg_main_ready == 'function' ) {            if ( jQuery(\"#bwg_container1_0\").height() ) {             bwg_main_ready(jQuery(\"#bwg_container1_0\"));            }          }        });      }    <\/script>    \n\n\n<p style=\"text-align: justify;\"><strong>Grupo IEC es tu socio para llevar a cabo proyectos, mantenimiento, capacitaciones en \u00e1reas de automatizaci\u00f3n de procesos, mecanismos hidr\u00e1ulicos, electricidad y mec\u00e1nica industrial<\/strong><\/p>\n<p style=\"text-align: justify;\"><strong>Desarrollamos los proyectos con equipos de alta calidad manufacturados en distintos pa\u00edses.<\/strong><\/p>\n<p style=\"text-align: justify;\"><strong>Nos caracterizamos por garantizar nuestro trabajo con especialistas para cada fase del proyecto. No solamente durante las fases de instalaci\u00f3n y pruebas, tambi\u00e9n con el Soporte T\u00e9cnico d\u00eda a d\u00eda y Capacitaciones para especializar tu personal en la Operaci\u00f3n, Mantenimiento y Tecnolog\u00eda m\u00e1s avanzada.<\/strong><\/p>\n\n<div class=\"wp-block-image is-style-default\">\n<figure class=\"aligncenter size-full\"><a href=\"https:\/\/grupoiec.com.gt\/wp-content\/uploads\/2023\/03\/Pagina-de-inicio.jpg\" target=\"_blank\" rel=\"noreferrer noopener\"><img decoding=\"async\" loading=\"lazy\" width=\"510\" height=\"387\" src=\"https:\/\/grupoiec.com.gt\/wp-content\/uploads\/2023\/03\/Pagina-de-inicio.jpg\" alt=\"\" class=\"wp-image-62\" srcset=\"https:\/\/grupoiec.com.gt\/wp-content\/uploads\/2023\/03\/Pagina-de-inicio.jpg 510w, https:\/\/grupoiec.com.gt\/wp-content\/uploads\/2023\/03\/Pagina-de-inicio-300x228.jpg 300w\" sizes=\"(max-width: 510px) 100vw, 510px\" \/><\/a><\/figure><\/div>\n\n<p><strong>Representantes para Guatemala de<\/strong><\/p>\n\n\n                <h4 class=\"wpwax-lsu-title \"><\/h4>\n        \n            <div class=\"wpwax-lsu-ultimate wpwax-lsu-hover-active wpwax-lsu-grid wpwax-lsu-carousel-theme-3 wpwax-lsu-carousel wpwax-lsu-carousel-theme-3 wpwax-lsu-carousel-nav-around wpwax-lsu-grid-theme-raised\"\n                            data-lsu-items      = \"5\"\n                data-lsu-margin     = \"20\" \n                data-lsu-loop       = \"true\" \n                data-lsu-perslide   = \"1\"\n                data-lsu-speed      = \"1000\"\n                data-lsu-autoplay   = '\n                                {\n                    \"delay\": \"500\",\n                    \"pauseOnMouseEnter\": true,\n                    \"disableOnInteraction\": false,\n                    \"stopOnLastSlide\": true,\n                    \"reverseDirection\": false                }\n                                '\n                data-lsu-responsive ='{\n                    \"0\": {\"slidesPerView\": \"2\",  \"slidesPerGroup\": \"1\", \"spaceBetween\": \"15\"}, \n                    \"768\": {\"slidesPerView\": \"3\",  \"slidesPerGroup\": \"1\", \"spaceBetween\": \"15\"}, \n                    \"979\": {\"slidesPerView\": \"3\",  \"slidesPerGroup\": \"1\", \"spaceBetween\": \"20\"}, \n                    \"1199\": {\"slidesPerView\": \"3\",  \"slidesPerGroup\": \"1\", \"spaceBetween\": \"30\"}\n                }'\n                        >\n\n                <div class=\"swiper-wrapper\">\n\n                    \n                    <div class=\"wpwax-lsu-item wpwax-lsu-item-bordered swiper-slide\">\n\n    <div class=\"wpwax-lsu-item-inner\" data-bs-toggle=\"tooltip\" data-bs-placement=\"top\"\n        title=\"\">\n        \n        <a href=\"https:\/\/www.campbellsci.cc\/\" target=\"_blank\">\n            \n            <img src=\"https:\/\/grupoiec.com.gt\/wp-content\/uploads\/2025\/11\/Logo-vertical-letras-oscuras-1024x501.png\" alt=\"Campbell Scientific\">\n        \n        <\/a>\n        \n    <\/div>\n\n<\/div>\n\n        \n\n\n                    <div class=\"wpwax-lsu-item wpwax-lsu-item-bordered swiper-slide\">\n\n    <div class=\"wpwax-lsu-item-inner\" data-bs-toggle=\"tooltip\" data-bs-placement=\"top\"\n        title=\"\">\n        \n        <a href=\"http:\/\/www.rfuess-mueller.de\/\" target=\"_blank\">\n            \n            <img src=\"https:\/\/grupoiec.com.gt\/wp-content\/uploads\/2025\/07\/R.-FUESS-LOGO.png\" alt=\"R. FUESS Dr. Alfred M\u00fcller Meteorologische Instrumente KG\">\n        \n        <\/a>\n        \n    <\/div>\n\n<\/div>\n\n        \n\n\n                    <div class=\"wpwax-lsu-item wpwax-lsu-item-bordered swiper-slide\">\n\n    <div class=\"wpwax-lsu-item-inner\" data-bs-toggle=\"tooltip\" data-bs-placement=\"top\"\n        title=\"\">\n        \n        <a href=\"https:\/\/www.fafnir.com\/\" target=\"_blank\">\n            \n            <img src=\"https:\/\/grupoiec.com.gt\/wp-content\/uploads\/2025\/07\/FAFNIR-Logo.png\" alt=\"FAFNIR\">\n        \n        <\/a>\n        \n    <\/div>\n\n<\/div>\n\n        \n\n\n                    <div class=\"wpwax-lsu-item wpwax-lsu-item-bordered swiper-slide\">\n\n    <div class=\"wpwax-lsu-item-inner\" data-bs-toggle=\"tooltip\" data-bs-placement=\"top\"\n        title=\"\">\n        \n        <a href=\"https:\/\/www.mte.ch\/\" target=\"_blank\">\n            \n            <img src=\"https:\/\/grupoiec.com.gt\/wp-content\/uploads\/2023\/03\/MTE-Meter-Test-Equipment-logo.png\" alt=\"MTE Meter Test Equipment AG\">\n        \n        <\/a>\n        \n    <\/div>\n\n<\/div>\n\n        \n\n\n                    <div class=\"wpwax-lsu-item wpwax-lsu-item-bordered swiper-slide\">\n\n    <div class=\"wpwax-lsu-item-inner\" data-bs-toggle=\"tooltip\" data-bs-placement=\"top\"\n        title=\"\">\n        \n        <a href=\"https:\/\/www.dhigroup.com\/\" target=\"_blank\">\n            \n            <img src=\"https:\/\/grupoiec.com.gt\/wp-content\/uploads\/2023\/03\/DHI_Logo_Pos_RGB_noMargin.png\" alt=\"DHI Group\">\n        \n        <\/a>\n        \n    <\/div>\n\n<\/div>\n\n        \n\n\n                    <div class=\"wpwax-lsu-item wpwax-lsu-item-bordered swiper-slide\">\n\n    <div class=\"wpwax-lsu-item-inner\" data-bs-toggle=\"tooltip\" data-bs-placement=\"top\"\n        title=\"\">\n        \n        <a href=\"https:\/\/www.atvise.com\/en\" target=\"_blank\">\n            \n            <img src=\"https:\/\/grupoiec.com.gt\/wp-content\/uploads\/2023\/03\/Atvise_Logo_2020-1024x279.png\" alt=\"ATVISE\">\n        \n        <\/a>\n        \n    <\/div>\n\n<\/div>\n\n        \n\n\n                    <div class=\"wpwax-lsu-item wpwax-lsu-item-bordered swiper-slide\">\n\n    <div class=\"wpwax-lsu-item-inner\" data-bs-toggle=\"tooltip\" data-bs-placement=\"top\"\n        title=\"\">\n        \n        <a href=\"https:\/\/www.adsenv.com\/accusonic\/\" target=\"_blank\">\n            \n            <img src=\"https:\/\/grupoiec.com.gt\/wp-content\/uploads\/2023\/03\/ACCUSONIC-TECHNOLOGIES.jpg\" alt=\"ACCUSONIC TECHNOLOGIES\">\n        \n        <\/a>\n        \n    <\/div>\n\n<\/div>\n\n        \n\n\n                    <div class=\"wpwax-lsu-item wpwax-lsu-item-bordered swiper-slide\">\n\n    <div class=\"wpwax-lsu-item-inner\" data-bs-toggle=\"tooltip\" data-bs-placement=\"top\"\n        title=\"\">\n        \n        <a href=\"https:\/\/es.basler.com\/\" target=\"_blank\">\n            \n            <img src=\"https:\/\/grupoiec.com.gt\/wp-content\/uploads\/2023\/03\/basler-logo-1024x196.png\" alt=\"BASLER ELECTRIC\">\n        \n        <\/a>\n        \n    <\/div>\n\n<\/div>\n\n        \n\n\n                    <div class=\"wpwax-lsu-item wpwax-lsu-item-bordered swiper-slide\">\n\n    <div class=\"wpwax-lsu-item-inner\" data-bs-toggle=\"tooltip\" data-bs-placement=\"top\"\n        title=\"\">\n        \n        <a href=\"https:\/\/www.matrikonopc.es\/index.aspx\" target=\"_blank\">\n            \n            <img src=\"https:\/\/grupoiec.com.gt\/wp-content\/uploads\/2023\/03\/matrikonopc.png\" alt=\"MATRIKON OPC\">\n        \n        <\/a>\n        \n    <\/div>\n\n<\/div>\n\n        \n\n\n                    <div class=\"wpwax-lsu-item wpwax-lsu-item-bordered swiper-slide\">\n\n    <div class=\"wpwax-lsu-item-inner\" data-bs-toggle=\"tooltip\" data-bs-placement=\"top\"\n        title=\"\">\n        \n        <a href=\"https:\/\/vesterbusiness.com\/\" target=\"_blank\">\n            \n            <img src=\"https:\/\/grupoiec.com.gt\/wp-content\/uploads\/2023\/03\/Logo_Vester_2013.png\" alt=\"VESTER BUSINESS\">\n        \n        <\/a>\n        \n    <\/div>\n\n<\/div>\n\n        \n\n\n                    <div class=\"wpwax-lsu-item wpwax-lsu-item-bordered swiper-slide\">\n\n    <div class=\"wpwax-lsu-item-inner\" data-bs-toggle=\"tooltip\" data-bs-placement=\"top\"\n        title=\"\">\n        \n        <a href=\"https:\/\/www.cst-isoladores.com.br\/\" target=\"_blank\">\n            \n            <img src=\"https:\/\/grupoiec.com.gt\/wp-content\/uploads\/2023\/03\/logo-cst-isoladores.png\" alt=\"CST &#8211; ISOLADORES SANTA TEREZINHA\">\n        \n        <\/a>\n        \n    <\/div>\n\n<\/div>\n\n        \n\n\n                    <div class=\"wpwax-lsu-item wpwax-lsu-item-bordered swiper-slide\">\n\n    <div class=\"wpwax-lsu-item-inner\" data-bs-toggle=\"tooltip\" data-bs-placement=\"top\"\n        title=\"\">\n        \n        <a href=\"https:\/\/reftek.com\/\" target=\"_blank\">\n            \n            <img src=\"https:\/\/grupoiec.com.gt\/wp-content\/uploads\/2023\/03\/1657996462177.jpg\" alt=\"REFTEK SYSTEMS INC.\">\n        \n        <\/a>\n        \n    <\/div>\n\n<\/div>\n\n        \n\n\n                    <div class=\"wpwax-lsu-item wpwax-lsu-item-bordered swiper-slide\">\n\n    <div class=\"wpwax-lsu-item-inner\" data-bs-toggle=\"tooltip\" data-bs-placement=\"top\"\n        title=\"\">\n        \n        <a href=\"https:\/\/www.trafag.com\/es\/\" target=\"_blank\">\n            \n            <img src=\"https:\/\/grupoiec.com.gt\/wp-content\/uploads\/2023\/03\/Trafag-Logo.jpeg\" alt=\"TRAFAG SENSORS CONTROLS\">\n        \n        <\/a>\n        \n    <\/div>\n\n<\/div>\n\n        \n\n        \n                <\/div>\n                <div class=\"wpwax-lsu-carousel-nav wpwax-lsu-carousel-nav--around\">\n\n    <div class=\"wpwax-lsu-carousel-nav__btn wpwax-lsu-carousel-nav__btn-prev\">\n\n        <img src=\"https:\/\/grupoiec.com.gt\/wp-content\/plugins\/logo-showcase-ultimate\/assets\/icons\/arrow-left.svg\" alt=\"\" class=\"wpwax-lsu-svg\">\n\n    <\/div>\n\n    <div class=\"wpwax-lsu-carousel-nav__btn wpwax-lsu-carousel-nav__btn-next\">\n\n        <img src=\"https:\/\/grupoiec.com.gt\/wp-content\/plugins\/logo-showcase-ultimate\/assets\/icons\/arrow-right.svg\" alt=\"\" class=\"wpwax-lsu-svg\">\n\n    <\/div>\n\n<\/div>            <\/div>\n\n            \n","protected":false},"excerpt":{"rendered":"<p>Grupo IEC es tu socio para llevar a cabo proyectos, mantenimiento, capacitaciones en \u00e1reas de automatizaci\u00f3n de procesos, mecanismos hidr\u00e1ulicos, electricidad y mec\u00e1nica industrial Desarrollamos los proyectos con equipos de alta calidad manufacturados en distintos pa\u00edses. Nos caracterizamos por garantizar &hellip; <a href=\"https:\/\/grupoiec.com.gt\/index.php\/logo\/trafag\/\">Continue reading <span class=\"meta-nav\">&rarr;<\/span><\/a><\/p>\n","protected":false},"author":1,"featured_media":0,"parent":0,"menu_order":0,"comment_status":"closed","ping_status":"closed","template":"onecolumn-page.php","meta":[],"_links":{"self":[{"href":"https:\/\/grupoiec.com.gt\/index.php\/wp-json\/wp\/v2\/pages\/52"}],"collection":[{"href":"https:\/\/grupoiec.com.gt\/index.php\/wp-json\/wp\/v2\/pages"}],"about":[{"href":"https:\/\/grupoiec.com.gt\/index.php\/wp-json\/wp\/v2\/types\/page"}],"author":[{"embeddable":true,"href":"https:\/\/grupoiec.com.gt\/index.php\/wp-json\/wp\/v2\/users\/1"}],"replies":[{"embeddable":true,"href":"https:\/\/grupoiec.com.gt\/index.php\/wp-json\/wp\/v2\/comments?post=52"}],"version-history":[{"count":18,"href":"https:\/\/grupoiec.com.gt\/index.php\/wp-json\/wp\/v2\/pages\/52\/revisions"}],"predecessor-version":[{"id":328,"href":"https:\/\/grupoiec.com.gt\/index.php\/wp-json\/wp\/v2\/pages\/52\/revisions\/328"}],"wp:attachment":[{"href":"https:\/\/grupoiec.com.gt\/index.php\/wp-json\/wp\/v2\/media?parent=52"}],"curies":[{"name":"wp","href":"https:\/\/api.w.org\/{rel}","templated":true}]}}