{"id":131,"date":"2023-03-10T21:41:36","date_gmt":"2023-03-10T21:41:36","guid":{"rendered":"https:\/\/grupoiec.com.gt\/?page_id=131"},"modified":"2023-03-11T20:14:06","modified_gmt":"2023-03-11T20:14:06","slug":"proyectos","status":"publish","type":"page","link":"https:\/\/grupoiec.com.gt\/index.php\/proyectos\/","title":{"rendered":"Proyectos"},"content":{"rendered":"<p><div class=\"eds-animate  \" data-eds-entry-animation=\"bounce\" data-eds-entry-delay=\"0\" data-eds-entry-duration=\"0.5\" data-eds-entry-timing=\"linear\" data-eds-exit-animation=\"\" data-eds-exit-delay=\"\" data-eds-exit-duration=\"\" data-eds-exit-timing=\"\" data-eds-repeat-count=\"2\" data-eds-keep=\"yes\" data-eds-animate-on=\"hover\" data-eds-scroll-offset=\"\"><img decoding=\"async\" loading=\"lazy\" class=\"alignnone size-medium wp-image-237 aligncenter\" src=\"https:\/\/grupoiec.com.gt\/wp-content\/uploads\/2023\/03\/Proyectos-V2-300x189.png\" alt=\"\" width=\"300\" height=\"189\" srcset=\"https:\/\/grupoiec.com.gt\/wp-content\/uploads\/2023\/03\/Proyectos-V2-300x189.png 300w, https:\/\/grupoiec.com.gt\/wp-content\/uploads\/2023\/03\/Proyectos-V2-768x484.png 768w, https:\/\/grupoiec.com.gt\/wp-content\/uploads\/2023\/03\/Proyectos-V2.png 900w\" sizes=\"(max-width: 300px) 100vw, 300px\" \/><\/div><\/p>\n<p style=\"text-align: center;\"><strong>PROPORCIONAMOS SOLUCIONES UTILIZANDO ALTA TECNOLOGIA.<\/strong><\/p>\n<ul>\n<li>\n<p style=\"text-align: justify;\">Transformadores de corriente y potencial conocido como CTs y PTs.<\/p>\n<\/li>\n<li>\n<p style=\"text-align: justify;\">Interruptores de alimentaci\u00f3n.<\/p>\n<\/li>\n<li>\n<p style=\"text-align: justify;\">Fase tres metros (para facturaci\u00f3n y para consumo propio).<\/p>\n<\/li>\n<li>\n<p style=\"text-align: justify;\">Unidades de Terminal remoto.<\/p>\n<\/li>\n<li>\n<p style=\"text-align: justify;\">RTU de instrumentaci\u00f3n (medidores de caudal, nivel de l\u00edquido, temperatura, presi\u00f3n, velocidad y vibraci\u00f3n, Acet\u00edmetros, inclin\u00f3metros) Sistemas de excitaci\u00f3n de bancos de filtros de electrov\u00e1lvulas de bater\u00edas y cargadores.<\/p>\n<\/li>\n<\/ul>\n","protected":false},"excerpt":{"rendered":"<p>PROPORCIONAMOS SOLUCIONES UTILIZANDO ALTA TECNOLOGIA. Transformadores de corriente y potencial conocido como CTs y PTs. Interruptores de alimentaci\u00f3n. Fase tres metros (para facturaci\u00f3n y para consumo propio). Unidades de Terminal remoto. RTU de instrumentaci\u00f3n (medidores de caudal, nivel de l\u00edquido, &hellip; <a href=\"https:\/\/grupoiec.com.gt\/index.php\/proyectos\/\">Continue reading <span class=\"meta-nav\">&rarr;<\/span><\/a><\/p>\n","protected":false},"author":1,"featured_media":0,"parent":0,"menu_order":0,"comment_status":"closed","ping_status":"closed","template":"onecolumn-page.php","meta":[],"_links":{"self":[{"href":"https:\/\/grupoiec.com.gt\/index.php\/wp-json\/wp\/v2\/pages\/131"}],"collection":[{"href":"https:\/\/grupoiec.com.gt\/index.php\/wp-json\/wp\/v2\/pages"}],"about":[{"href":"https:\/\/grupoiec.com.gt\/index.php\/wp-json\/wp\/v2\/types\/page"}],"author":[{"embeddable":true,"href":"https:\/\/grupoiec.com.gt\/index.php\/wp-json\/wp\/v2\/users\/1"}],"replies":[{"embeddable":true,"href":"https:\/\/grupoiec.com.gt\/index.php\/wp-json\/wp\/v2\/comments?post=131"}],"version-history":[{"count":6,"href":"https:\/\/grupoiec.com.gt\/index.php\/wp-json\/wp\/v2\/pages\/131\/revisions"}],"predecessor-version":[{"id":258,"href":"https:\/\/grupoiec.com.gt\/index.php\/wp-json\/wp\/v2\/pages\/131\/revisions\/258"}],"wp:attachment":[{"href":"https:\/\/grupoiec.com.gt\/index.php\/wp-json\/wp\/v2\/media?parent=131"}],"curies":[{"name":"wp","href":"https:\/\/api.w.org\/{rel}","templated":true}]}}